{"id":5,"date":"2021-06-27T01:54:11","date_gmt":"2021-06-27T01:54:11","guid":{"rendered":"https:\/\/nsi-solutions.com.mx\/?page_id=5"},"modified":"2021-06-27T02:00:50","modified_gmt":"2021-06-27T02:00:50","slug":"historia","status":"publish","type":"page","link":"https:\/\/nsi-solutions.com.mx\/?page_id=5","title":{"rendered":"Historia"},"content":{"rendered":"\n<p><em>Inicia operaciones en el a\u00f1o 2009 para brindar<\/em><em> <\/em><em>soluciones<\/em><em> <\/em><em>en<\/em><em> <\/em><em>ingenier\u00eda y soluciones aplicadas <\/em><em>para la industria de gas y petr\u00f3leo, en sus inicios desarrollo sistemas de <\/em><em>monitoreo de variables <\/em><em>de sensores de fondo.<\/em><\/p>\n\n\n\n<p><em>Somos una empresa innovadora con <\/em><em>gran emprendimiento <\/em><em>en la industria de <\/em><em>gas y petr\u00f3leo <\/em><em>e industria <\/em><em>privada<\/em><em>, contamos con oficinas en Tabasco y Yucat\u00e1n.<\/em><\/p>\n\n\n\n<p><em>Cuenta con <\/em><em>personal calificado y certificado<\/em><em> para los trabajos afines a la industria.<\/em><\/p>\n","protected":false},"excerpt":{"rendered":"<p>Inicia operaciones en el a\u00f1o 2009 para brindar soluciones en ingenier\u00eda y soluciones aplicadas para la industria de gas y petr\u00f3leo, en sus inicios desarrollo sistemas de monitoreo de variables de sensores de fondo. Somos una empresa innovadora con gran emprendimiento en la industria de gas y petr\u00f3leo e industria privada, contamos con oficinas en [&hellip;]<\/p>\n","protected":false},"author":1,"featured_media":0,"parent":0,"menu_order":0,"comment_status":"closed","ping_status":"closed","template":"","meta":{"footnotes":""},"class_list":["post-5","page","type-page","status-publish","hentry"],"_links":{"self":[{"href":"https:\/\/nsi-solutions.com.mx\/index.php?rest_route=\/wp\/v2\/pages\/5","targetHints":{"allow":["GET"]}}],"collection":[{"href":"https:\/\/nsi-solutions.com.mx\/index.php?rest_route=\/wp\/v2\/pages"}],"about":[{"href":"https:\/\/nsi-solutions.com.mx\/index.php?rest_route=\/wp\/v2\/types\/page"}],"author":[{"embeddable":true,"href":"https:\/\/nsi-solutions.com.mx\/index.php?rest_route=\/wp\/v2\/users\/1"}],"replies":[{"embeddable":true,"href":"https:\/\/nsi-solutions.com.mx\/index.php?rest_route=%2Fwp%2Fv2%2Fcomments&post=5"}],"version-history":[{"count":4,"href":"https:\/\/nsi-solutions.com.mx\/index.php?rest_route=\/wp\/v2\/pages\/5\/revisions"}],"predecessor-version":[{"id":17,"href":"https:\/\/nsi-solutions.com.mx\/index.php?rest_route=\/wp\/v2\/pages\/5\/revisions\/17"}],"wp:attachment":[{"href":"https:\/\/nsi-solutions.com.mx\/index.php?rest_route=%2Fwp%2Fv2%2Fmedia&parent=5"}],"curies":[{"name":"wp","href":"https:\/\/api.w.org\/{rel}","templated":true}]}}