{"id":8,"date":"2021-06-27T01:56:47","date_gmt":"2021-06-27T01:56:47","guid":{"rendered":"https:\/\/nsi-solutions.com.mx\/?page_id=8"},"modified":"2021-06-27T02:01:09","modified_gmt":"2021-06-27T02:01:09","slug":"mision","status":"publish","type":"page","link":"https:\/\/nsi-solutions.com.mx\/?page_id=8","title":{"rendered":"Misi\u00f3n"},"content":{"rendered":"\n<p><strong>Brindar servicios a la industria de gas y petr\u00f3leo, con la aplicaci\u00f3n de est\u00e1ndares de instituciones nacionales e internacionales, \u00a0para garantizar la correcta ejecuci\u00f3n de los trabajos y la satisfacci\u00f3n del cliente.<\/strong><\/p>\n","protected":false},"excerpt":{"rendered":"<p>Brindar servicios a la industria de gas y petr\u00f3leo, con la aplicaci\u00f3n de est\u00e1ndares de instituciones nacionales e internacionales, \u00a0para garantizar la correcta ejecuci\u00f3n de los trabajos y la satisfacci\u00f3n del cliente.<\/p>\n","protected":false},"author":1,"featured_media":0,"parent":5,"menu_order":0,"comment_status":"closed","ping_status":"closed","template":"","meta":{"footnotes":""},"class_list":["post-8","page","type-page","status-publish","hentry"],"_links":{"self":[{"href":"https:\/\/nsi-solutions.com.mx\/index.php?rest_route=\/wp\/v2\/pages\/8","targetHints":{"allow":["GET"]}}],"collection":[{"href":"https:\/\/nsi-solutions.com.mx\/index.php?rest_route=\/wp\/v2\/pages"}],"about":[{"href":"https:\/\/nsi-solutions.com.mx\/index.php?rest_route=\/wp\/v2\/types\/page"}],"author":[{"embeddable":true,"href":"https:\/\/nsi-solutions.com.mx\/index.php?rest_route=\/wp\/v2\/users\/1"}],"replies":[{"embeddable":true,"href":"https:\/\/nsi-solutions.com.mx\/index.php?rest_route=%2Fwp%2Fv2%2Fcomments&post=8"}],"version-history":[{"count":1,"href":"https:\/\/nsi-solutions.com.mx\/index.php?rest_route=\/wp\/v2\/pages\/8\/revisions"}],"predecessor-version":[{"id":9,"href":"https:\/\/nsi-solutions.com.mx\/index.php?rest_route=\/wp\/v2\/pages\/8\/revisions\/9"}],"up":[{"embeddable":true,"href":"https:\/\/nsi-solutions.com.mx\/index.php?rest_route=\/wp\/v2\/pages\/5"}],"wp:attachment":[{"href":"https:\/\/nsi-solutions.com.mx\/index.php?rest_route=%2Fwp%2Fv2%2Fmedia&parent=8"}],"curies":[{"name":"wp","href":"https:\/\/api.w.org\/{rel}","templated":true}]}}