{"id":9566,"date":"2026-01-13T18:44:31","date_gmt":"2026-01-13T18:44:31","guid":{"rendered":"https:\/\/nsi-solutions.com.mx\/?page_id=9566"},"modified":"2026-04-04T16:35:08","modified_gmt":"2026-04-04T16:35:08","slug":"reconocimientos","status":"publish","type":"page","link":"https:\/\/nsi-solutions.com.mx\/?page_id=9566","title":{"rendered":"Formaci\u00f3n y desarrollo"},"content":{"rendered":"\n<h3 class=\"wp-block-heading\">Cursos, Certificaciones, Acreditaciones y Reconocimientos<\/h3>\n\n\n\n<figure class=\"wp-block-table\"><table class=\"has-fixed-layout\"><tbody><tr><td><strong>\u201cAdministraci\u00f3n de Proyectos de Instrumentaci\u00f3n y Control de Procesos\u201d<\/strong><br><em>ISA M\u00e9xico<\/em><br>Octubre 2021<\/td><td><strong>\u201cAdministraci\u00f3n de proyectos con MS Project 2003\u201d<\/strong><br><em>Compusur<\/em><br>agosto 2007<\/td><\/tr><tr><td><strong>\u201cAgente capacitador externo ante la STPS\u201d<\/strong><br><em>STPS M\u00e9xico<\/em><br>2019<\/td><td><strong>&#8220;7009 Implementaci\u00f3n del sistema DeltaV\u201d<\/strong><br><em>Emerson Process Management<\/em><br>Junio 2007<\/td><\/tr><tr><td><strong>&#8220;FOUNDATION Certified Professional (FCP)\u201d<\/strong><br><em>Fieldbus Foundation<\/em><br>Julio 2015<\/td><td><strong>\u201c7017 Implementaci\u00f3n del Sistema Deltav 2a parte\u201d<\/strong><br><em>Emerson Process Management<\/em><br>Junio 2007<\/td><\/tr><tr><td><strong>\u201cOPCSI OPC Systems Integrator\u201d<\/strong><br><em>Matrikon OPC<\/em><br>Mayo 2015<\/td><td><strong>\u201cFreelance 800F V8 WorkShop\u201d<\/strong><br><em>ABB<\/em><br>Noviembre 2006<\/td><\/tr><tr><td><strong>\u201cCurso CCST (Certified Control System Technician)\u201d<\/strong><br><em>ISA M\u00e9xico<\/em><br>Agosto 2013<\/td><td><strong>\u201cTecnolog\u00eda de punta en instrumentaci\u00f3n aplicada a soluciones en la industria del petr\u00f3leo y gas\u201d<\/strong><br><em>Endress+Hauser<\/em><br>Mayo 2006<\/td><\/tr><tr><td><strong>\u201c1300 Ingenier\u00eda y Mantenimiento de V\u00e1lvulas de Control Fisher\/Fundamentos de Fieldvue\u201d<\/strong><br><em>EMERSON<\/em><br>Noviembre del 2010<\/td><td><strong>\u201cSV102 \u2013 Scada Vision Basic Configuration\u201d<br><\/strong><em>ABB<\/em><br>Marzo 2006<\/td><\/tr><tr><td><strong>\u201cIntroducci\u00f3n a las comunicaciones Digitales, aplicando Protocolo Modbus y Tecnolog\u00eda OPC<br>en redes de control\u201d<\/strong><br><em>ISA M\u00e9xico<\/em><br>Febrero 2009<\/td><td><strong>\u201cUtilizando ArcView 9(ArcGis 1) y tecnolog\u00eda GPS\u201d<\/strong><br><em>SIGSA S.A de C.V.<\/em><br>Octubre 2005<\/td><\/tr><tr><td><\/td><td><strong>\u201cTecnolog\u00edas para medici\u00f3n de Nivel\u201d<\/strong><br><em>Endress+Hauser<br><\/em>Julio 2005<\/td><\/tr><\/tbody><\/table><\/figure>\n\n\n\n<figure class=\"wp-block-image size-full\"><img loading=\"lazy\" decoding=\"async\" width=\"1009\" height=\"517\" src=\"https:\/\/nsi-solutions.com.mx\/wp-content\/uploads\/2026\/01\/WhatsApp-Image-2026-01-12-at-2.52.00-PM.jpeg\" alt=\"\" class=\"wp-image-9567\" srcset=\"https:\/\/nsi-solutions.com.mx\/wp-content\/uploads\/2026\/01\/WhatsApp-Image-2026-01-12-at-2.52.00-PM.jpeg 1009w, https:\/\/nsi-solutions.com.mx\/wp-content\/uploads\/2026\/01\/WhatsApp-Image-2026-01-12-at-2.52.00-PM-300x154.jpeg 300w, https:\/\/nsi-solutions.com.mx\/wp-content\/uploads\/2026\/01\/WhatsApp-Image-2026-01-12-at-2.52.00-PM-768x394.jpeg 768w\" sizes=\"auto, (max-width: 1009px) 100vw, 1009px\" \/><\/figure>\n\n\n\n<p><\/p>\n","protected":false},"excerpt":{"rendered":"<p>Cursos, Certificaciones, Acreditaciones y Reconocimientos \u201cAdministraci\u00f3n de Proyectos de Instrumentaci\u00f3n y Control de Procesos\u201dISA M\u00e9xicoOctubre 2021 \u201cAdministraci\u00f3n de proyectos con MS Project 2003\u201dCompusuragosto 2007 \u201cAgente capacitador externo ante la STPS\u201dSTPS M\u00e9xico2019 &#8220;7009 Implementaci\u00f3n del sistema DeltaV\u201dEmerson Process ManagementJunio 2007 &#8220;FOUNDATION Certified Professional (FCP)\u201dFieldbus FoundationJulio 2015 \u201c7017 Implementaci\u00f3n del Sistema Deltav 2a parte\u201dEmerson Process ManagementJunio 2007 [&hellip;]<\/p>\n","protected":false},"author":1,"featured_media":0,"parent":0,"menu_order":0,"comment_status":"closed","ping_status":"closed","template":"templates\/template-page-full-width.php","meta":{"footnotes":""},"class_list":["post-9566","page","type-page","status-publish","hentry"],"_links":{"self":[{"href":"https:\/\/nsi-solutions.com.mx\/index.php?rest_route=\/wp\/v2\/pages\/9566","targetHints":{"allow":["GET"]}}],"collection":[{"href":"https:\/\/nsi-solutions.com.mx\/index.php?rest_route=\/wp\/v2\/pages"}],"about":[{"href":"https:\/\/nsi-solutions.com.mx\/index.php?rest_route=\/wp\/v2\/types\/page"}],"author":[{"embeddable":true,"href":"https:\/\/nsi-solutions.com.mx\/index.php?rest_route=\/wp\/v2\/users\/1"}],"replies":[{"embeddable":true,"href":"https:\/\/nsi-solutions.com.mx\/index.php?rest_route=%2Fwp%2Fv2%2Fcomments&post=9566"}],"version-history":[{"count":4,"href":"https:\/\/nsi-solutions.com.mx\/index.php?rest_route=\/wp\/v2\/pages\/9566\/revisions"}],"predecessor-version":[{"id":9601,"href":"https:\/\/nsi-solutions.com.mx\/index.php?rest_route=\/wp\/v2\/pages\/9566\/revisions\/9601"}],"wp:attachment":[{"href":"https:\/\/nsi-solutions.com.mx\/index.php?rest_route=%2Fwp%2Fv2%2Fmedia&parent=9566"}],"curies":[{"name":"wp","href":"https:\/\/api.w.org\/{rel}","templated":true}]}}