{"id":9570,"date":"2026-01-13T18:51:23","date_gmt":"2026-01-13T18:51:23","guid":{"rendered":"https:\/\/nsi-solutions.com.mx\/?page_id=9570"},"modified":"2026-01-13T18:51:23","modified_gmt":"2026-01-13T18:51:23","slug":"oficinas","status":"publish","type":"page","link":"https:\/\/nsi-solutions.com.mx\/?page_id=9570","title":{"rendered":"Oficinas"},"content":{"rendered":"\n<p>Tabasco<br>Av. Madrid Manzana 10 lote 11,<br>Para\u00edso, Tabasco.<br>933 33 34439<\/p>\n\n\n\n<p>Yucat\u00e1n<br>Calle 62 # 537 altos,<br>M\u00e9rida, Yucat\u00e1n.<br>999 93 18468<\/p>\n","protected":false},"excerpt":{"rendered":"<p>TabascoAv. Madrid Manzana 10 lote 11,Para\u00edso, Tabasco.933 33 34439 Yucat\u00e1nCalle 62 # 537 altos,M\u00e9rida, Yucat\u00e1n.999 93 18468<\/p>\n","protected":false},"author":1,"featured_media":0,"parent":0,"menu_order":0,"comment_status":"closed","ping_status":"closed","template":"","meta":{"footnotes":""},"class_list":["post-9570","page","type-page","status-publish","hentry"],"_links":{"self":[{"href":"https:\/\/nsi-solutions.com.mx\/index.php?rest_route=\/wp\/v2\/pages\/9570","targetHints":{"allow":["GET"]}}],"collection":[{"href":"https:\/\/nsi-solutions.com.mx\/index.php?rest_route=\/wp\/v2\/pages"}],"about":[{"href":"https:\/\/nsi-solutions.com.mx\/index.php?rest_route=\/wp\/v2\/types\/page"}],"author":[{"embeddable":true,"href":"https:\/\/nsi-solutions.com.mx\/index.php?rest_route=\/wp\/v2\/users\/1"}],"replies":[{"embeddable":true,"href":"https:\/\/nsi-solutions.com.mx\/index.php?rest_route=%2Fwp%2Fv2%2Fcomments&post=9570"}],"version-history":[{"count":1,"href":"https:\/\/nsi-solutions.com.mx\/index.php?rest_route=\/wp\/v2\/pages\/9570\/revisions"}],"predecessor-version":[{"id":9571,"href":"https:\/\/nsi-solutions.com.mx\/index.php?rest_route=\/wp\/v2\/pages\/9570\/revisions\/9571"}],"wp:attachment":[{"href":"https:\/\/nsi-solutions.com.mx\/index.php?rest_route=%2Fwp%2Fv2%2Fmedia&parent=9570"}],"curies":[{"name":"wp","href":"https:\/\/api.w.org\/{rel}","templated":true}]}}