{"id":9581,"date":"2026-02-02T17:03:40","date_gmt":"2026-02-02T17:03:40","guid":{"rendered":"https:\/\/nsi-solutions.com.mx\/?page_id=9581"},"modified":"2026-04-04T16:14:03","modified_gmt":"2026-04-04T16:14:03","slug":"proyecto-realizados","status":"publish","type":"page","link":"https:\/\/nsi-solutions.com.mx\/?page_id=9581","title":{"rendered":"Proyecto realizados"},"content":{"rendered":"\n<figure class=\"wp-block-table is-style-stripes\"><table class=\"has-black-color has-luminous-vivid-amber-background-color has-text-color has-background has-link-color\"><tbody><tr><td>Proyecto<\/td><td>Cliente<\/td><td>Desarrollo de actividades<\/td><td>Lugar<\/td><\/tr><tr><td>Alambrado de se\u00f1ales para v\u00e1lvulas de corte de seguridad de procesos de compresi\u00f3n de gas y estaciones MLV<\/td><td>AOT<\/td><td>\u2022Ingenier\u00eda de sistema de paro por emergencia (gabinete)\u2022Integracion de botoneras, indicadores y accerosios para tableros de control valvulas de paro por emergencia<br>\u2022Alambrado de se\u00f1ales de apertura cierre prueba parcial (sitio)\u2022Protocolos de prueba (sitio)<\/td><td>ESTACION MLV Y COMPRESION<\/td><\/tr><tr><td>Alambrado de se\u00f1ales de v\u00e1lvulas de paro por emergencia en tablero local de \u00e1rea 700<\/td><td>PEMEX<\/td><td>\u2022Arreglo de cableado y accesorios para tablero de control<br>\u2022Arreglo de Gabinete de control en cuarto de control<br>\u2022Alambrado de se\u00f1ales de apertura cierre prueba parcial<br>\u2022Pruebas de se\u00f1ales de paro por emergencia<\/td><td>\u00c1rea 700<\/td><\/tr><tr><td>Implementaci\u00f3n de sistema de monitoreo de niveles en tanques<br>recuperadores de aceite<\/td><td>PEMEX<\/td><td>\u2022Tendido de cable<br>\u2022Arreglo de cableado en gabinete<br>\u2022Configuraci\u00f3n de panel de monitoreo y control<br>\u2022Decomisionamiento de instrumentaci\u00f3n<\/td><td>TMDB<\/td><\/tr><tr><td>Sustituci\u00f3n de instrumentaci\u00f3n del tanque FA-102 de la planta de<br>tratamiento de aguas cong\u00e9nitas (incluye suministro)<\/td><td>PEMEX<\/td><td>\u2022Decomisionamiento de instrumentaci\u00f3n<br>\u2022Desconexi\u00f3n de instrumentaci\u00f3n de segmentos<br>\u2022Calibraci\u00f3n de instrumentaci\u00f3n<br>\u2022Comisionamiento de instrumentaci\u00f3n<br>\u2022Configuraci\u00f3n de se\u00f1ales Fieldbus en SDMC<\/td><td>TMDB<\/td><\/tr><tr><td>Rehabilitaci\u00f3n y adiestramiento t\u00e9cnico de sistema de control de<br>arrancador suave de media tensi\u00f3n Motorpack Square&#8217;D de equipo de<br>bombeo de recirculaci\u00f3n de aceite t\u00e9rmico del \u00e1rea 700 de servicios<br>auxiliares.<\/td><td>PEMEX<\/td><td>\u2022Revisi\u00f3n de protecciones<br>\u2022Cableado de se\u00f1ales de arranque, paro confirmaci\u00f3n.<br>\u2022Configuraci\u00f3n de tablero<br><\/td><td>TMDB<\/td><\/tr><tr><td>Rehabilitaci\u00f3n de se\u00f1al de medici\u00f3n de flujo de la planta de efluentes<br>(incluye suministro)<\/td><td>PEMEX<\/td><td>\u2022Diagn\u00f3stico de se\u00f1al de medici\u00f3n de instrumentaci\u00f3n por ultrasonido.<br>\u2022Configuraci\u00f3n de se\u00f1ale en SDMC<\/td><td>TMDB<\/td><\/tr><tr><td>Sustituci\u00f3n de SDMC Deltav de la planta de tratamiento de aguas<br>congenitas (incluye suministro)<\/td><td>PEMEX<\/td><td>\u2022Sustituci\u00f3n de SDMC de la planta de tratamiento de aguas cong\u00e9nitas<\/td><td>TMDB<\/td><\/tr><tr><td>Sustituci\u00f3n de SDMC Deltav de la planta de Calentamiento de Aceite \u00c1rea<br>3000 (incluye suministro)<\/td><td>PEMEX<\/td><td>\u2022Sustituci\u00f3n de SDMC de la planta de calentamiento de aceite de \u00c1rea 3000.<\/td><td>TMDB<\/td><\/tr><tr><td>Sustituci\u00f3n de instrumentaci\u00f3n inteligente con protocolo FIELBUS de la<br>planta de calentamiento de aceite \u00c1rea 3000 (incluye suministro)<\/td><td>PEMEX<\/td><td>\u2022Decomisionamiento de instrumentaci\u00f3n<br>\u2022Desconexi\u00f3n de instrumentaci\u00f3n de segmentos<br>\u2022Calibraci\u00f3n de instrumentaci\u00f3n<br>\u2022Comisionamiento de instrumentaci\u00f3n<br>\u2022Configuraci\u00f3n de se\u00f1ales Fieldbus en SDMC<br><\/td><td>TMDB<\/td><\/tr><tr><td>Rehabilitaci\u00f3n del sistema de paro por emergencia de la planta de<br>calentamiento de aceite t\u00e9rmico \u00c1rea 700 (incluye suministro)<\/td><td>PEMEX<\/td><td>\u2022Configuraci\u00f3n de redundancia de controladores<br>\u2022Carga y descarga de aplicaci\u00f3n<br>\u2022Rehabilitaci\u00f3n de red de control local<\/td><td>TMDB<\/td><\/tr><tr><td>Automatizaci\u00f3n de bombas verticales de la planta de efluentes (incluye<br>ingenier\u00eda y suministro)<\/td><td>PEMEX<\/td><td>\u2022Dise\u00f1o de diagramas de control el\u00e9ctrico de CCM<br>Cableado de tablero de control de motores a tensi\u00f3n plena<\/td><td>TMDB<\/td><\/tr><\/tbody><\/table><\/figure>\n","protected":false},"excerpt":{"rendered":"<p>Proyecto Cliente Desarrollo de actividades Lugar Alambrado de se\u00f1ales para v\u00e1lvulas de corte de seguridad de procesos de compresi\u00f3n de gas y estaciones MLV AOT \u2022Ingenier\u00eda de sistema de paro por emergencia (gabinete)\u2022Integracion de botoneras, indicadores y accerosios para tableros de control valvulas de paro por emergencia\u2022Alambrado de se\u00f1ales de apertura cierre prueba parcial (sitio)\u2022Protocolos [&hellip;]<\/p>\n","protected":false},"author":1,"featured_media":0,"parent":0,"menu_order":0,"comment_status":"closed","ping_status":"closed","template":"templates\/template-page-full-width.php","meta":{"footnotes":""},"class_list":["post-9581","page","type-page","status-publish","hentry"],"_links":{"self":[{"href":"https:\/\/nsi-solutions.com.mx\/index.php?rest_route=\/wp\/v2\/pages\/9581","targetHints":{"allow":["GET"]}}],"collection":[{"href":"https:\/\/nsi-solutions.com.mx\/index.php?rest_route=\/wp\/v2\/pages"}],"about":[{"href":"https:\/\/nsi-solutions.com.mx\/index.php?rest_route=\/wp\/v2\/types\/page"}],"author":[{"embeddable":true,"href":"https:\/\/nsi-solutions.com.mx\/index.php?rest_route=\/wp\/v2\/users\/1"}],"replies":[{"embeddable":true,"href":"https:\/\/nsi-solutions.com.mx\/index.php?rest_route=%2Fwp%2Fv2%2Fcomments&post=9581"}],"version-history":[{"count":13,"href":"https:\/\/nsi-solutions.com.mx\/index.php?rest_route=\/wp\/v2\/pages\/9581\/revisions"}],"predecessor-version":[{"id":9598,"href":"https:\/\/nsi-solutions.com.mx\/index.php?rest_route=\/wp\/v2\/pages\/9581\/revisions\/9598"}],"wp:attachment":[{"href":"https:\/\/nsi-solutions.com.mx\/index.php?rest_route=%2Fwp%2Fv2%2Fmedia&parent=9581"}],"curies":[{"name":"wp","href":"https:\/\/api.w.org\/{rel}","templated":true}]}}